{"id":14,"date":"2019-01-21T04:22:02","date_gmt":"2019-01-21T04:22:02","guid":{"rendered":"http:\/\/ietsjb.edu.co\/?page_id=14"},"modified":"2020-04-25T01:59:15","modified_gmt":"2020-04-25T01:59:15","slug":"insignias-institucionales","status":"publish","type":"page","link":"https:\/\/ietsjb.edu.co\/index.php\/insignias-institucionales\/","title":{"rendered":"Insignias Institucionales"},"content":{"rendered":"\n<h3 class=\"wp-block-heading\">Escudo<\/h3>\n\n\n\n<div class=\"wp-block-image\"><figure class=\"aligncenter is-resized\"><img loading=\"lazy\" decoding=\"async\" src=\"http:\/\/ietsjb.edu.co\/wp-content\/uploads\/2019\/03\/Escudo.png\" alt=\"\" class=\"wp-image-54\" width=\"348\" height=\"290\" srcset=\"https:\/\/ietsjb.edu.co\/wp-content\/uploads\/2019\/03\/Escudo.png 914w, https:\/\/ietsjb.edu.co\/wp-content\/uploads\/2019\/03\/Escudo-300x251.png 300w, https:\/\/ietsjb.edu.co\/wp-content\/uploads\/2019\/03\/Escudo-768x643.png 768w\" sizes=\"auto, (max-width: 348px) 100vw, 348px\" \/><\/figure><\/div>\n\n\n\n<p>Tiene forma biselada c\u00f3ncava, con fondo amarillo, borde de color rojo, conjuntamente con la cinta del emblema, \u201cVIRTUD, CIENCIA, TRABAJO Y PRODUCCI\u00d3N\u201d, el cual aparece en la parte superior. En el fondo contiene: en la parte superior una pica, en su parte central izquierda un cirio, en la parte central derecha un libro y en la parte inferior un bal\u00f3n.<\/p>\n\n\n\n<ul class=\"wp-block-list\"><li>LA PICA:Instrumento con el cual el minero penetra en las entra\u00f1as de la tierra para extraer el oro, uno de los principales productos de la regi\u00f3n<\/li><li>EL CIRIO:Ciencia, salir del estado de sombra y pasar a la luz<\/li><li>EL LIBRO:significa ciencia, virtud, estudio<\/li><li>EL BAL\u00d3N:El deporte como complemento de la educaci\u00f3n.<\/li><li>El color amarillo y las ramas verdes simbolizan el oro y el caf\u00e9, principales productos de nuestro municipio.<\/li><\/ul>\n\n\n\n<h3 class=\"wp-block-heading\">Bandera<\/h3>\n\n\n\n<div class=\"wp-block-image\"><figure class=\"aligncenter is-resized\"><img loading=\"lazy\" decoding=\"async\" src=\"http:\/\/ietsjb.edu.co\/wp-content\/uploads\/2019\/03\/Bandera.png\" alt=\"\" class=\"wp-image-59\" width=\"287\" height=\"246\" srcset=\"https:\/\/ietsjb.edu.co\/wp-content\/uploads\/2019\/03\/Bandera.png 320w, https:\/\/ietsjb.edu.co\/wp-content\/uploads\/2019\/03\/Bandera-300x256.png 300w\" sizes=\"auto, (max-width: 287px) 100vw, 287px\" \/><\/figure><\/div>\n\n\n\n<p>La bandera de la Instituci\u00f3n fue oficializada mediante resoluci\u00f3n No 087 de 1987, emanada de la Rector\u00eda del plantel y tiene la siguiente forma y caracter\u00edstica.<\/p>\n\n\n\n<h5 class=\"wp-block-heading\">DESCRIPCI\u00d3N:<\/h5>\n\n\n\n<p>Dos metros de largo por 1.25 metros de ancho, Diagonalmente corta una franja blanca de 75 cm de \u00e1rea, que forma en su parte superior un tri\u00e1ngulo de color amarillo y en su parte inferior un tri\u00e1ngulo de color rojo<\/p>\n\n\n\n<h5 class=\"wp-block-heading\">SIGNIFICADO:<\/h5>\n\n\n\n<p>El tri\u00e1ngulo superior de color amarillo, representa la riqueza aur\u00edfera del municipio de Los Andes, el tri\u00e1ngulo inferior de color rojo, significa la producci\u00f3n agr\u00edcola representada en el caf\u00e9, adem\u00e1s de representar la sangre vertida por el patrono del municipio, \u201cSAN JUAN BAUTISTA\u201d. La franja blanca que corta diagonalmente el pabell\u00f3n, es s\u00edmbolo de paz y honradez que caracteriza a las gentes del municipio.<\/p>\n\n\n\n<h4 class=\"wp-block-heading\">Himno I.E.T. San Juan Bautista<\/h4>\n\n\n\n<p> El himno hace una alabanza al trabajo, invitando a la juventud a alcanzar la luz del saber, igualmente es la expresi\u00f3n de la gratitud a una instituci\u00f3n en donde se viven momentos felices. <\/p>\n\n\n\n<figure class=\"wp-block-audio\"><audio controls src=\"http:\/\/ietsjb.edu.co\/wp-content\/uploads\/2020\/04\/HIMNO-SAN-JUAN-BAUTISTA.mp3\"><\/audio><figcaption> <br>Escuchar Himno I.E.T San Juan Bautista <\/figcaption><\/figure>\n\n\n\n<figure class=\"wp-block-image\"><img loading=\"lazy\" decoding=\"async\" width=\"839\" height=\"472\" src=\"http:\/\/ietsjb.edu.co\/wp-content\/uploads\/2019\/03\/himno.png\" alt=\"\" class=\"wp-image-64\" srcset=\"https:\/\/ietsjb.edu.co\/wp-content\/uploads\/2019\/03\/himno.png 839w, https:\/\/ietsjb.edu.co\/wp-content\/uploads\/2019\/03\/himno-300x169.png 300w, https:\/\/ietsjb.edu.co\/wp-content\/uploads\/2019\/03\/himno-768x432.png 768w, https:\/\/ietsjb.edu.co\/wp-content\/uploads\/2019\/03\/himno-678x381.png 678w\" sizes=\"auto, (max-width: 839px) 100vw, 839px\" \/><\/figure>\n","protected":false},"excerpt":{"rendered":"<p>Escudo Tiene forma biselada c\u00f3ncava, con fondo amarillo, borde de color rojo, conjuntamente con la&#8230;<\/p>\n","protected":false},"author":5,"featured_media":0,"parent":0,"menu_order":0,"comment_status":"closed","ping_status":"closed","template":"","meta":{"_joinchat":[],"footnotes":""},"class_list":["post-14","page","type-page","status-publish","hentry"],"_links":{"self":[{"href":"https:\/\/ietsjb.edu.co\/index.php\/wp-json\/wp\/v2\/pages\/14","targetHints":{"allow":["GET"]}}],"collection":[{"href":"https:\/\/ietsjb.edu.co\/index.php\/wp-json\/wp\/v2\/pages"}],"about":[{"href":"https:\/\/ietsjb.edu.co\/index.php\/wp-json\/wp\/v2\/types\/page"}],"author":[{"embeddable":true,"href":"https:\/\/ietsjb.edu.co\/index.php\/wp-json\/wp\/v2\/users\/5"}],"replies":[{"embeddable":true,"href":"https:\/\/ietsjb.edu.co\/index.php\/wp-json\/wp\/v2\/comments?post=14"}],"version-history":[{"count":9,"href":"https:\/\/ietsjb.edu.co\/index.php\/wp-json\/wp\/v2\/pages\/14\/revisions"}],"predecessor-version":[{"id":1261,"href":"https:\/\/ietsjb.edu.co\/index.php\/wp-json\/wp\/v2\/pages\/14\/revisions\/1261"}],"wp:attachment":[{"href":"https:\/\/ietsjb.edu.co\/index.php\/wp-json\/wp\/v2\/media?parent=14"}],"curies":[{"name":"wp","href":"https:\/\/api.w.org\/{rel}","templated":true}]}}