{"id":1880,"date":"2021-03-27T18:36:27","date_gmt":"2021-03-27T18:36:27","guid":{"rendered":"http:\/\/ietsjb.edu.co\/?page_id=1880"},"modified":"2025-10-16T15:48:18","modified_gmt":"2025-10-16T15:48:18","slug":"documentos-institucionales","status":"publish","type":"page","link":"https:\/\/ietsjb.edu.co\/index.php\/documentos-institucionales\/","title":{"rendered":"Documentos Institucionales"},"content":{"rendered":"\n<h3 class=\"wp-block-heading\"><strong>SISTEMA INSTITUCIONAL DE EVALUACI\u00d3N Y PROMOCI\u00d3N<\/strong> (SIEP)<\/h3>\n\n\n\n<p>La evaluaci\u00f3n es el mecanismo que permite verificar el avance de los objetivos propuestos para cada aspecto del proceso educativo, y debe hacerse de manera permanente, de tal manera que los estudiantes puedan saber c\u00f3mo evoluciona su proceso. Bajo esta perspectiva, los criterios de la evaluaci\u00f3n se tienen en cunta en el siguiente documento: <\/p>\n\n\n\n<p><a href=\"https:\/\/ietsjb.edu.co\/wp-content\/uploads\/2025\/10\/SISTEMA-EVAL-PROM-2025-Act-octubre.pdf\"><strong>Descargar documento completo, SIEP, Aqu\u00ed&#8230;<\/strong><\/a><\/p>\n\n\n<a href=\"https:\/\/ietsjb.edu.co\/wp-content\/uploads\/2025\/10\/SISTEMA-EVAL-PROM-2025-Act-octubre.pdf\" class=\"pdfemb-viewer\" style=\"width:670px;\" data-width=\"670\" data-height=\"max\" data-toolbar=\"top\" data-toolbar-fixed=\"on\">SISTEMA-EVAL-PROM-2025-Act-octubre<\/a>\n\n\n<h3 class=\"wp-block-heading\"><strong>MANUAL DE CONVIVENCIA<\/strong><\/h3>\n\n\n\n<p>El&nbsp;<strong>Manual de Convivencia<\/strong>&nbsp;es un documento que hace parte del Proyecto Educativo Institucional de la Instituci\u00f3n Educativa T\u00e9cnico San Juan Bautista y contiene el conjunto de principios, normas, procedimientos, acuerdos, y dem\u00e1s aspectos que regulan y hacen posible la&nbsp;<strong>convivencia<\/strong>&nbsp;de los miembros de comunidad educativa: <\/p>\n\n\n\n<p><a href=\"https:\/\/ietsjb.edu.co\/wp-content\/uploads\/2025\/06\/MANUAL-DE-CONVIVENCIA-2025-1.pdf\"><strong>Descargar Documento Completo: Manual de Convivencia, Aqu\u00ed&#8230;<\/strong><\/a><\/p>\n\n\n<a href=\"https:\/\/ietsjb.edu.co\/wp-content\/uploads\/2025\/06\/MANUAL-DE-CONVIVENCIA-2025-1.pdf\" class=\"pdfemb-viewer\" style=\"width:670px;\" data-width=\"670\" data-height=\"max\" data-toolbar=\"top\" data-toolbar-fixed=\"on\">MANUAL-DE-CONVIVENCIA-2025-1<\/a>","protected":false},"excerpt":{"rendered":"<p>SISTEMA INSTITUCIONAL DE EVALUACI\u00d3N Y PROMOCI\u00d3N (SIEP) La evaluaci\u00f3n es el mecanismo que permite verificar&#8230;<\/p>\n","protected":false},"author":5,"featured_media":0,"parent":0,"menu_order":0,"comment_status":"closed","ping_status":"closed","template":"","meta":{"_joinchat":[],"footnotes":""},"class_list":["post-1880","page","type-page","status-publish","hentry"],"_links":{"self":[{"href":"https:\/\/ietsjb.edu.co\/index.php\/wp-json\/wp\/v2\/pages\/1880","targetHints":{"allow":["GET"]}}],"collection":[{"href":"https:\/\/ietsjb.edu.co\/index.php\/wp-json\/wp\/v2\/pages"}],"about":[{"href":"https:\/\/ietsjb.edu.co\/index.php\/wp-json\/wp\/v2\/types\/page"}],"author":[{"embeddable":true,"href":"https:\/\/ietsjb.edu.co\/index.php\/wp-json\/wp\/v2\/users\/5"}],"replies":[{"embeddable":true,"href":"https:\/\/ietsjb.edu.co\/index.php\/wp-json\/wp\/v2\/comments?post=1880"}],"version-history":[{"count":11,"href":"https:\/\/ietsjb.edu.co\/index.php\/wp-json\/wp\/v2\/pages\/1880\/revisions"}],"predecessor-version":[{"id":3501,"href":"https:\/\/ietsjb.edu.co\/index.php\/wp-json\/wp\/v2\/pages\/1880\/revisions\/3501"}],"wp:attachment":[{"href":"https:\/\/ietsjb.edu.co\/index.php\/wp-json\/wp\/v2\/media?parent=1880"}],"curies":[{"name":"wp","href":"https:\/\/api.w.org\/{rel}","templated":true}]}}